{"id":260,"date":"2015-09-12T14:32:10","date_gmt":"2015-09-12T12:32:10","guid":{"rendered":"http:\/\/www.hbpm.cz\/?page_id=260"},"modified":"2016-04-15T19:15:10","modified_gmt":"2016-04-15T17:15:10","slug":"%d1%87%d1%82%d0%be-%d0%bc%d1%8b-%d1%83%d0%bc%d0%b5%d0%b5%d0%bc","status":"publish","type":"page","link":"https:\/\/www.hbpm.cz\/?page_id=260&lang=ru","title":{"rendered":"\u0427\u0442\u043e \u043c\u044b \u0443\u043c\u0435\u0435\u043c"},"content":{"rendered":"<div id=\"pl-260\"  class=\"panel-layout\" ><div id=\"pg-260-0\"  class=\"panel-grid panel-has-style\"  style=\"margin-bottom: 0px;\" ><div class=\"siteorigin-panels-stretch panel-row-style-full-width panel-row-style panel-row-style-for-260-0\" data-stretch-type=\"full\" ><div id=\"pgc-260-0-0\"  class=\"panel-grid-cell\" ><div id=\"panel-260-0-0-0\" class=\"so-panel widget widget_headline-widget panel-first-child\" data-index=\"0\" >\t\t<h1>\u041c\u044b \u0437\u043d\u0430\u0435\u043c, \u043a\u0430\u043a \u044d\u0444\u0444\u0435\u043a\u0442\u0438\u0432\u043d\u043e \u0441\u0442\u0440\u043e\u0438\u0442\u044c<\/h1>\n\t\t<div class=\"decoration\"><div class=\"decoration-inside\"><\/div><\/div>\n\t\t<h3>\u041c\u0435\u043d\u044c\u0448\u0435 \u0440\u0430\u0441\u0445\u043e\u0434\u043e\u0432 \u0438 \u0438\u043d\u0434\u0438\u0432\u0438\u0434\u0443\u0430\u043b\u044c\u043d\u044b\u0439 \u043f\u043e\u0434\u0445\u043e\u0434<\/h3>\n\t\t<\/div><div id=\"panel-260-0-0-1\" class=\"so-panel widget widget_black-studio-tinymce widget_black_studio_tinymce\" data-index=\"1\" ><div class=\"textwidget\"><p><a href=\"http:\/\/www.hbpm.cz\/\"><img class=\"aligncenter wp-image-202 size-full\" src=\"http:\/\/www.hbpm.cz\/wp-content\/uploads\/2015\/05\/HBPMcz_Main-Banner1.png\" alt=\"HBPMcz_Main Banner\" width=\"2000\" height=\"716\" \/><\/a><\/p>\n<\/div><\/div><div id=\"panel-260-0-0-2\" class=\"so-panel widget widget_siteorigin-masonry\" data-index=\"2\" >\n<div class=\"so-masonry-container responsive\">\n\t\t\t<div class=\"masonry-brick size-11 \">\n\t\t\t<div class=\"post-information\">\n\t\t\t\t<h2><a href=\"https:\/\/www.hbpm.cz\/?p=164\">FOTOGALERIE<\/h2><\/a>\n\t\t\t\t<div class=\"entry-meta\">\n\t\t\t\t\tPosted on <a href=\"https:\/\/www.hbpm.cz\/?p=164\" title=\"9:12\" rel=\"bookmark\"><time class=\"entry-date\" datetime=\"2015-05-18T09:12:07+02:00\">18.5.2015<\/time><\/a><span class=\"byline\"> by <span class=\"author vcard\"><a class=\"url fn n\" href=\"https:\/\/www.hbpm.cz\/?author=1\" title=\"View all posts by hbpmcz\" rel=\"author\">hbpmcz<\/a><\/span><\/span>\t\t\t\t<\/div><!-- .entry-meta -->\n\t\t\t<\/div>\n\n\t\t\t<a href=\"https:\/\/www.hbpm.cz\/?p=164\" class=\"thumbnail-link\">\n\t\t\t\t\t\t\t\t\t<img width=\"280\" height=\"280\" src=\"https:\/\/www.hbpm.cz\/wp-content\/uploads\/2015\/05\/HBPMcz_WEB_galerie1-280x280.png\" class=\"attachment-so-masonry-size-11 size-so-masonry-size-11 wp-post-image\" alt=\"\" loading=\"lazy\" srcset=\"https:\/\/www.hbpm.cz\/wp-content\/uploads\/2015\/05\/HBPMcz_WEB_galerie1-280x280.png 280w, https:\/\/www.hbpm.cz\/wp-content\/uploads\/2015\/05\/HBPMcz_WEB_galerie1-150x150.png 150w, https:\/\/www.hbpm.cz\/wp-content\/uploads\/2015\/05\/HBPMcz_WEB_galerie1-300x300.png 300w, https:\/\/www.hbpm.cz\/wp-content\/uploads\/2015\/05\/HBPMcz_WEB_galerie1.png 500w\" sizes=\"(max-width: 280px) 100vw, 280px\" \/>\t\t\t\t\t\t\t<\/a>\n\t\t<\/div>\n\t\t\t<div class=\"masonry-brick size-11 \">\n\t\t\t<div class=\"post-information\">\n\t\t\t\t<h2><a href=\"https:\/\/www.hbpm.cz\/?p=54\">\u0158\u00edzen\u00ed projekt\u016f a staveb<\/h2><\/a>\n\t\t\t\t<div class=\"entry-meta\">\n\t\t\t\t\tPosted on <a href=\"https:\/\/www.hbpm.cz\/?p=54\" title=\"18:46\" rel=\"bookmark\"><time class=\"entry-date\" datetime=\"2015-04-15T18:46:19+02:00\">15.4.2015<\/time><\/a><span class=\"byline\"> by <span class=\"author vcard\"><a class=\"url fn n\" href=\"https:\/\/www.hbpm.cz\/?author=1\" title=\"View all posts by hbpmcz\" rel=\"author\">hbpmcz<\/a><\/span><\/span>\t\t\t\t<\/div><!-- .entry-meta -->\n\t\t\t<\/div>\n\n\t\t\t<a href=\"https:\/\/www.hbpm.cz\/?p=54\" class=\"thumbnail-link\">\n\t\t\t\t\t\t\t\t\t<img width=\"280\" height=\"280\" src=\"https:\/\/www.hbpm.cz\/wp-content\/uploads\/2015\/05\/HBPMcz_WEB_Veden\u00ed-stavby-280x280.png\" class=\"attachment-so-masonry-size-11 size-so-masonry-size-11 wp-post-image\" alt=\"\" loading=\"lazy\" srcset=\"https:\/\/www.hbpm.cz\/wp-content\/uploads\/2015\/05\/HBPMcz_WEB_Veden\u00ed-stavby-280x280.png 280w, https:\/\/www.hbpm.cz\/wp-content\/uploads\/2015\/05\/HBPMcz_WEB_Veden\u00ed-stavby-150x150.png 150w, https:\/\/www.hbpm.cz\/wp-content\/uploads\/2015\/05\/HBPMcz_WEB_Veden\u00ed-stavby-300x300.png 300w, https:\/\/www.hbpm.cz\/wp-content\/uploads\/2015\/05\/HBPMcz_WEB_Veden\u00ed-stavby.png 494w\" sizes=\"(max-width: 280px) 100vw, 280px\" \/>\t\t\t\t\t\t\t<\/a>\n\t\t<\/div>\n\t\t\t<div class=\"masonry-brick size-11 \">\n\t\t\t<div class=\"post-information\">\n\t\t\t\t<h2><a href=\"https:\/\/www.hbpm.cz\/?p=52\">Realizace stavby<\/h2><\/a>\n\t\t\t\t<div class=\"entry-meta\">\n\t\t\t\t\tPosted on <a href=\"https:\/\/www.hbpm.cz\/?p=52\" title=\"18:45\" rel=\"bookmark\"><time class=\"entry-date\" datetime=\"2015-04-15T18:45:49+02:00\">15.4.2015<\/time><\/a><span class=\"byline\"> by <span class=\"author vcard\"><a class=\"url fn n\" href=\"https:\/\/www.hbpm.cz\/?author=1\" title=\"View all posts by hbpmcz\" rel=\"author\">hbpmcz<\/a><\/span><\/span>\t\t\t\t<\/div><!-- .entry-meta -->\n\t\t\t<\/div>\n\n\t\t\t<a href=\"https:\/\/www.hbpm.cz\/?p=52\" class=\"thumbnail-link\">\n\t\t\t\t\t\t\t\t\t<img width=\"280\" height=\"280\" src=\"https:\/\/www.hbpm.cz\/wp-content\/uploads\/2015\/04\/HBPMcz_WEB_realizace-stavby-280x280.png\" class=\"attachment-so-masonry-size-11 size-so-masonry-size-11 wp-post-image\" alt=\"\" loading=\"lazy\" srcset=\"https:\/\/www.hbpm.cz\/wp-content\/uploads\/2015\/04\/HBPMcz_WEB_realizace-stavby-280x280.png 280w, https:\/\/www.hbpm.cz\/wp-content\/uploads\/2015\/04\/HBPMcz_WEB_realizace-stavby-150x150.png 150w, https:\/\/www.hbpm.cz\/wp-content\/uploads\/2015\/04\/HBPMcz_WEB_realizace-stavby-300x300.png 300w, https:\/\/www.hbpm.cz\/wp-content\/uploads\/2015\/04\/HBPMcz_WEB_realizace-stavby.png 500w\" sizes=\"(max-width: 280px) 100vw, 280px\" \/>\t\t\t\t\t\t\t<\/a>\n\t\t<\/div>\n\t\t\t<div class=\"masonry-brick size-11 \">\n\t\t\t<div class=\"post-information\">\n\t\t\t\t<h2><a href=\"https:\/\/www.hbpm.cz\/?p=50\">Technick\u00fd dozor investora<\/h2><\/a>\n\t\t\t\t<div class=\"entry-meta\">\n\t\t\t\t\tPosted on <a href=\"https:\/\/www.hbpm.cz\/?p=50\" title=\"18:45\" rel=\"bookmark\"><time class=\"entry-date\" datetime=\"2015-04-15T18:45:26+02:00\">15.4.2015<\/time><\/a><span class=\"byline\"> by <span class=\"author vcard\"><a class=\"url fn n\" href=\"https:\/\/www.hbpm.cz\/?author=1\" title=\"View all posts by hbpmcz\" rel=\"author\">hbpmcz<\/a><\/span><\/span>\t\t\t\t<\/div><!-- .entry-meta -->\n\t\t\t<\/div>\n\n\t\t\t<a href=\"https:\/\/www.hbpm.cz\/?p=50\" class=\"thumbnail-link\">\n\t\t\t\t\t\t\t\t\t<img width=\"280\" height=\"280\" src=\"https:\/\/www.hbpm.cz\/wp-content\/uploads\/2015\/05\/HBPMcz_WEB_technick\u00fd-dozor-investora-280x280.png\" class=\"attachment-so-masonry-size-11 size-so-masonry-size-11 wp-post-image\" alt=\"\" loading=\"lazy\" srcset=\"https:\/\/www.hbpm.cz\/wp-content\/uploads\/2015\/05\/HBPMcz_WEB_technick\u00fd-dozor-investora-280x280.png 280w, https:\/\/www.hbpm.cz\/wp-content\/uploads\/2015\/05\/HBPMcz_WEB_technick\u00fd-dozor-investora-150x150.png 150w, https:\/\/www.hbpm.cz\/wp-content\/uploads\/2015\/05\/HBPMcz_WEB_technick\u00fd-dozor-investora-300x300.png 300w, https:\/\/www.hbpm.cz\/wp-content\/uploads\/2015\/05\/HBPMcz_WEB_technick\u00fd-dozor-investora.png 494w\" sizes=\"(max-width: 280px) 100vw, 280px\" \/>\t\t\t\t\t\t\t<\/a>\n\t\t<\/div>\n\t\t\t<div class=\"masonry-brick size-11 \">\n\t\t\t<div class=\"post-information\">\n\t\t\t\t<h2><a href=\"https:\/\/www.hbpm.cz\/?p=48\">Zpracov\u00e1n\u00ed projektov\u00e9 dokumentace<\/h2><\/a>\n\t\t\t\t<div class=\"entry-meta\">\n\t\t\t\t\tPosted on <a href=\"https:\/\/www.hbpm.cz\/?p=48\" title=\"18:44\" rel=\"bookmark\"><time class=\"entry-date\" datetime=\"2015-04-15T18:44:52+02:00\">15.4.2015<\/time><\/a><span class=\"byline\"> by <span class=\"author vcard\"><a class=\"url fn n\" href=\"https:\/\/www.hbpm.cz\/?author=1\" title=\"View all posts by hbpmcz\" rel=\"author\">hbpmcz<\/a><\/span><\/span>\t\t\t\t<\/div><!-- .entry-meta -->\n\t\t\t<\/div>\n\n\t\t\t<a href=\"https:\/\/www.hbpm.cz\/?p=48\" class=\"thumbnail-link\">\n\t\t\t\t\t\t\t\t\t<img width=\"280\" height=\"280\" src=\"https:\/\/www.hbpm.cz\/wp-content\/uploads\/2015\/05\/HBPMcz_WEB_zpracov\u00e1n\u00ed-projektov\u00e9-dokumentace-280x280.png\" class=\"attachment-so-masonry-size-11 size-so-masonry-size-11 wp-post-image\" alt=\"\" loading=\"lazy\" srcset=\"https:\/\/www.hbpm.cz\/wp-content\/uploads\/2015\/05\/HBPMcz_WEB_zpracov\u00e1n\u00ed-projektov\u00e9-dokumentace-280x280.png 280w, https:\/\/www.hbpm.cz\/wp-content\/uploads\/2015\/05\/HBPMcz_WEB_zpracov\u00e1n\u00ed-projektov\u00e9-dokumentace-150x150.png 150w, https:\/\/www.hbpm.cz\/wp-content\/uploads\/2015\/05\/HBPMcz_WEB_zpracov\u00e1n\u00ed-projektov\u00e9-dokumentace-300x300.png 300w, https:\/\/www.hbpm.cz\/wp-content\/uploads\/2015\/05\/HBPMcz_WEB_zpracov\u00e1n\u00ed-projektov\u00e9-dokumentace.png 494w\" sizes=\"(max-width: 280px) 100vw, 280px\" \/>\t\t\t\t\t\t\t<\/a>\n\t\t<\/div>\n\t\t\t<div class=\"masonry-brick size-11 \">\n\t\t\t<div class=\"post-information\">\n\t\t\t\t<h2><a href=\"https:\/\/www.hbpm.cz\/?p=15\">Finan\u010dn\u00ed controling<\/h2><\/a>\n\t\t\t\t<div class=\"entry-meta\">\n\t\t\t\t\tPosted on <a href=\"https:\/\/www.hbpm.cz\/?p=15\" title=\"10:44\" rel=\"bookmark\"><time class=\"entry-date\" datetime=\"2015-04-14T10:44:50+02:00\">14.4.2015<\/time><\/a><span class=\"byline\"> by <span class=\"author vcard\"><a class=\"url fn n\" href=\"https:\/\/www.hbpm.cz\/?author=1\" title=\"View all posts by hbpmcz\" rel=\"author\">hbpmcz<\/a><\/span><\/span>\t\t\t\t<\/div><!-- .entry-meta -->\n\t\t\t<\/div>\n\n\t\t\t<a href=\"https:\/\/www.hbpm.cz\/?p=15\" class=\"thumbnail-link\">\n\t\t\t\t\t\t\t\t\t<img width=\"280\" height=\"280\" src=\"https:\/\/www.hbpm.cz\/wp-content\/uploads\/2015\/05\/HBPMcz_WEB_finan\u010dn\u00ed-controling-280x280.png\" class=\"attachment-so-masonry-size-11 size-so-masonry-size-11 wp-post-image\" alt=\"\" loading=\"lazy\" srcset=\"https:\/\/www.hbpm.cz\/wp-content\/uploads\/2015\/05\/HBPMcz_WEB_finan\u010dn\u00ed-controling-280x280.png 280w, https:\/\/www.hbpm.cz\/wp-content\/uploads\/2015\/05\/HBPMcz_WEB_finan\u010dn\u00ed-controling-150x150.png 150w, https:\/\/www.hbpm.cz\/wp-content\/uploads\/2015\/05\/HBPMcz_WEB_finan\u010dn\u00ed-controling-300x300.png 300w, https:\/\/www.hbpm.cz\/wp-content\/uploads\/2015\/05\/HBPMcz_WEB_finan\u010dn\u00ed-controling.png 494w\" sizes=\"(max-width: 280px) 100vw, 280px\" \/>\t\t\t\t\t\t\t<\/a>\n\t\t<\/div>\n\t\t\t<div class=\"masonry-brick size-11 \">\n\t\t\t<div class=\"post-information\">\n\t\t\t\t<h2><a href=\"https:\/\/www.hbpm.cz\/?p=18\">P\u0159\u00edprava staveb<\/h2><\/a>\n\t\t\t\t<div class=\"entry-meta\">\n\t\t\t\t\tPosted on <a href=\"https:\/\/www.hbpm.cz\/?p=18\" title=\"10:43\" rel=\"bookmark\"><time class=\"entry-date\" datetime=\"2015-04-14T10:43:29+02:00\">14.4.2015<\/time><\/a><span class=\"byline\"> by <span class=\"author vcard\"><a class=\"url fn n\" href=\"https:\/\/www.hbpm.cz\/?author=1\" title=\"View all posts by hbpmcz\" rel=\"author\">hbpmcz<\/a><\/span><\/span>\t\t\t\t<\/div><!-- .entry-meta -->\n\t\t\t<\/div>\n\n\t\t\t<a href=\"https:\/\/www.hbpm.cz\/?p=18\" class=\"thumbnail-link\">\n\t\t\t\t\t\t\t\t\t<img width=\"280\" height=\"280\" src=\"https:\/\/www.hbpm.cz\/wp-content\/uploads\/2015\/05\/HBPMcz_WEB_v\u00fdrobn\u00ed-p\u0159\u00edprava-280x280.png\" class=\"attachment-so-masonry-size-11 size-so-masonry-size-11 wp-post-image\" alt=\"\" loading=\"lazy\" srcset=\"https:\/\/www.hbpm.cz\/wp-content\/uploads\/2015\/05\/HBPMcz_WEB_v\u00fdrobn\u00ed-p\u0159\u00edprava-280x280.png 280w, https:\/\/www.hbpm.cz\/wp-content\/uploads\/2015\/05\/HBPMcz_WEB_v\u00fdrobn\u00ed-p\u0159\u00edprava-150x150.png 150w, https:\/\/www.hbpm.cz\/wp-content\/uploads\/2015\/05\/HBPMcz_WEB_v\u00fdrobn\u00ed-p\u0159\u00edprava-300x300.png 300w, https:\/\/www.hbpm.cz\/wp-content\/uploads\/2015\/05\/HBPMcz_WEB_v\u00fdrobn\u00ed-p\u0159\u00edprava.png 494w\" sizes=\"(max-width: 280px) 100vw, 280px\" \/>\t\t\t\t\t\t\t<\/a>\n\t\t<\/div>\n\t\t\t<div class=\"masonry-brick size-11 \">\n\t\t\t<div class=\"post-information\">\n\t\t\t\t<h2><a href=\"https:\/\/www.hbpm.cz\/?p=13\">In\u017een\u00fdrsk\u00e1 \u010dinnost<\/h2><\/a>\n\t\t\t\t<div class=\"entry-meta\">\n\t\t\t\t\tPosted on <a href=\"https:\/\/www.hbpm.cz\/?p=13\" title=\"10:40\" rel=\"bookmark\"><time class=\"entry-date\" datetime=\"2015-04-14T10:40:40+02:00\">14.4.2015<\/time><\/a><span class=\"byline\"> by <span class=\"author vcard\"><a class=\"url fn n\" href=\"https:\/\/www.hbpm.cz\/?author=1\" title=\"View all posts by hbpmcz\" rel=\"author\">hbpmcz<\/a><\/span><\/span>\t\t\t\t<\/div><!-- .entry-meta -->\n\t\t\t<\/div>\n\n\t\t\t<a href=\"https:\/\/www.hbpm.cz\/?p=13\" class=\"thumbnail-link\">\n\t\t\t\t\t\t\t\t\t<img width=\"280\" height=\"280\" src=\"https:\/\/www.hbpm.cz\/wp-content\/uploads\/2015\/04\/HBPMcz_WEB_in\u017een\u00fdrsk\u00e1-\u010dinnost-280x280.png\" class=\"attachment-so-masonry-size-11 size-so-masonry-size-11 wp-post-image\" alt=\"\" loading=\"lazy\" srcset=\"https:\/\/www.hbpm.cz\/wp-content\/uploads\/2015\/04\/HBPMcz_WEB_in\u017een\u00fdrsk\u00e1-\u010dinnost-280x280.png 280w, https:\/\/www.hbpm.cz\/wp-content\/uploads\/2015\/04\/HBPMcz_WEB_in\u017een\u00fdrsk\u00e1-\u010dinnost-150x150.png 150w, https:\/\/www.hbpm.cz\/wp-content\/uploads\/2015\/04\/HBPMcz_WEB_in\u017een\u00fdrsk\u00e1-\u010dinnost-300x300.png 300w, https:\/\/www.hbpm.cz\/wp-content\/uploads\/2015\/04\/HBPMcz_WEB_in\u017een\u00fdrsk\u00e1-\u010dinnost.png 500w\" sizes=\"(max-width: 280px) 100vw, 280px\" \/>\t\t\t\t\t\t\t<\/a>\n\t\t<\/div>\n\t<\/div><\/div><div id=\"panel-260-0-0-3\" class=\"so-panel widget widget_headline-widget panel-last-child\" data-index=\"3\" ><div class=\"panel-widget-style panel-widget-style-for-260-0-0-3\" >\t\t<h1>\u041a\u043e\u043d\u0442\u0430\u043a\u0442<\/h1>\n\t\t<div class=\"decoration\"><div class=\"decoration-inside\"><\/div><\/div>\n\t\t<h3>\u0418\u043d\u0436. \u041c\u0438\u043b\u043e\u0448 \u0414\u0443\u0431\u0441\u043a\u0438 <\/br>info@hbpm.cz <\/br>+420\u00a0737\u00a0256\u00a0609<\/h3>\n\t\t<\/div><\/div><\/div><\/div><\/div><\/div>","protected":false},"excerpt":{"rendered":"<p>legislativn\u011b vy\u0159\u00edd\u00edme cel\u00fd stavebn\u00ed proces \u010cinnost zaji\u0161\u0165ovan\u00e1 autorizovanou osobou \u2013 in\u017een\u00fdr stavebn\u00edho projektu Z\u00e1kazn\u00edkovi, kter\u00fd m\u00e1 sv\u016fj stavebn\u00ed z\u00e1m\u011br teprve ve sv\u00fdch p\u0159edstav\u00e1ch, nab\u00edz\u00edme kompletn\u00ed servis spo\u010d\u00edvaj\u00edc\u00ed v zaji\u0161t\u011bn\u00ed v\u0161ech nezbytn\u00fdch \u010dinnost\u00ed nutn\u00fdch pro z\u00edsk\u00e1n\u00ed stavebn\u00edho povolen\u00ed. Jedn\u00e1 se p\u0159edev\u0161\u00edm o koordinaci a zpracov\u00e1n\u00ed jednotliv\u00fdch stup\u0148\u016f projektov\u00e9 dokumentace a zaji\u0161t\u011bn\u00ed v\u0161ech souhlasn\u00fdch stanovisek dot\u010den\u00fdch \u00fa\u010dastn\u00edk\u016f [&hellip;]<\/p>\n","protected":false},"author":1,"featured_media":0,"parent":0,"menu_order":0,"comment_status":"closed","ping_status":"closed","template":"home-panels.php","meta":[],"_links":{"self":[{"href":"https:\/\/www.hbpm.cz\/index.php?rest_route=\/wp\/v2\/pages\/260"}],"collection":[{"href":"https:\/\/www.hbpm.cz\/index.php?rest_route=\/wp\/v2\/pages"}],"about":[{"href":"https:\/\/www.hbpm.cz\/index.php?rest_route=\/wp\/v2\/types\/page"}],"author":[{"embeddable":true,"href":"https:\/\/www.hbpm.cz\/index.php?rest_route=\/wp\/v2\/users\/1"}],"replies":[{"embeddable":true,"href":"https:\/\/www.hbpm.cz\/index.php?rest_route=%2Fwp%2Fv2%2Fcomments&post=260"}],"version-history":[{"count":1,"href":"https:\/\/www.hbpm.cz\/index.php?rest_route=\/wp\/v2\/pages\/260\/revisions"}],"predecessor-version":[{"id":261,"href":"https:\/\/www.hbpm.cz\/index.php?rest_route=\/wp\/v2\/pages\/260\/revisions\/261"}],"wp:attachment":[{"href":"https:\/\/www.hbpm.cz\/index.php?rest_route=%2Fwp%2Fv2%2Fmedia&parent=260"}],"curies":[{"name":"wp","href":"https:\/\/api.w.org\/{rel}","templated":true}]}}