{"id":68,"date":"2015-04-16T12:16:48","date_gmt":"2015-04-16T10:16:48","guid":{"rendered":"http:\/\/www.hbpm.cz\/?page_id=68"},"modified":"2016-04-15T19:15:10","modified_gmt":"2016-04-15T17:15:10","slug":"kdo-jsme","status":"publish","type":"page","link":"https:\/\/www.hbpm.cz\/?page_id=68","title":{"rendered":"KDO JSME"},"content":{"rendered":"<blockquote><p>Na\u0161e spole\u010dnost nab\u00edz\u00ed sv\u00e9mu z\u00e1kazn\u00edkovi \u2013 investorovi \u010di stavebn\u00edkovi, efektivn\u00ed zaji\u0161t\u011bn\u00ed cel\u00e9ho stavebn\u00ed procesu ve v\u0161ech jeho f\u00e1z\u00edch, tedy ihned od po\u010d\u00e1tku pl\u00e1nov\u00e1n\u00ed stavebn\u00edho z\u00e1m\u011bru, a\u017e po \u00fasp\u011b\u0161nou realizaci stavebn\u00edho d\u00edla.<\/p><\/blockquote>\n<p>Jsme p\u0159esv\u011bd\u010deni, \u017ee aby byly spln\u011bny v\u0161echny p\u0159edem stanoven\u00e9 c\u00edle na dokon\u010den\u00e9 stavebn\u00ed d\u00edlo, je nutn\u00e9 se zodpov\u011bdn\u011b a aktivn\u011b zab\u00fdvat v\u0161emi etapami v\u00fdvoje projektu a tyto etapy na sebe harmonicky navazovat a efektivn\u011b \u0159\u00eddit.<\/p>\n<p>Nab\u00edz\u00edme proto na\u0161im z\u00e1kazn\u00edk\u016fm kompletn\u00ed osobn\u00ed \u0159\u00edzen\u00ed projekt\u016f a staveb, ale tak\u00e9 jen \u0159\u00edzen\u00ed jednotliv\u00fdch d\u00edl\u010d\u00edch f\u00e1z\u00ed dle konkr\u00e9tn\u00edho p\u0159\u00edpadu a p\u0159\u00e1n\u00ed z\u00e1kazn\u00edka s ohledem na technick\u00e9 a ekonomicko-finan\u010dn\u00ed n\u00e1roky cel\u00e9ho projektu. Nal\u00e9z\u00e1me v\u017edy nejoptim\u00e1ln\u011bj\u0161\u00ed \u0159e\u0161en\u00ed tak, aby dokon\u010den\u00e9 d\u00edlo spl\u0148ovalo v\u0161echny stavebn\u00edkovy p\u0159edstavy.<\/p>\n<p>Jsme aktivn\u00edm mana\u017eerem cel\u00e9ho stavebn\u00edho procesu a koordin\u00e1torem v\u0161ech z\u00fa\u010dastn\u011bn\u00fdch, a\u0165 u\u017e se jedn\u00e1 o projektanty, dot\u010den\u00e9 \u00fa\u010dastn\u00edky stavebn\u00edho \u0159\u00edzen\u00ed, \u00fa\u0159ady nebo realizuj\u00edc\u00ed stavebn\u00ed firmy.<\/p>\n<p>N\u00e1\u0161 t\u00fdm se individu\u00e1ln\u011b p\u0159izp\u016fsobuje ka\u017ed\u00e9 zak\u00e1zce. V\u0161echny stavebn\u00ed procesy navrhujeme a \u0159\u00edd\u00edme s ohledem na sou\u010dasnou legislativu, bezpe\u010dnou pr\u00e1ci a \u0161etrnost k \u017eivotn\u00edmu prost\u0159ed\u00ed.<\/p>\n","protected":false},"excerpt":{"rendered":"<p>Na\u0161e spole\u010dnost nab\u00edz\u00ed sv\u00e9mu z\u00e1kazn\u00edkovi \u2013 investorovi \u010di stavebn\u00edkovi, efektivn\u00ed zaji\u0161t\u011bn\u00ed cel\u00e9ho stavebn\u00ed procesu ve v\u0161ech jeho f\u00e1z\u00edch, tedy ihned od po\u010d\u00e1tku pl\u00e1nov\u00e1n\u00ed stavebn\u00edho z\u00e1m\u011bru, a\u017e po \u00fasp\u011b\u0161nou realizaci stavebn\u00edho d\u00edla. Jsme p\u0159esv\u011bd\u010deni, \u017ee aby byly spln\u011bny v\u0161echny p\u0159edem stanoven\u00e9 c\u00edle na dokon\u010den\u00e9 stavebn\u00ed d\u00edlo, je nutn\u00e9 se zodpov\u011bdn\u011b a aktivn\u011b zab\u00fdvat v\u0161emi etapami v\u00fdvoje [&hellip;]<\/p>\n","protected":false},"author":1,"featured_media":0,"parent":0,"menu_order":0,"comment_status":"closed","ping_status":"closed","template":"templates\/template-full.php","meta":[],"_links":{"self":[{"href":"https:\/\/www.hbpm.cz\/index.php?rest_route=\/wp\/v2\/pages\/68"}],"collection":[{"href":"https:\/\/www.hbpm.cz\/index.php?rest_route=\/wp\/v2\/pages"}],"about":[{"href":"https:\/\/www.hbpm.cz\/index.php?rest_route=\/wp\/v2\/types\/page"}],"author":[{"embeddable":true,"href":"https:\/\/www.hbpm.cz\/index.php?rest_route=\/wp\/v2\/users\/1"}],"replies":[{"embeddable":true,"href":"https:\/\/www.hbpm.cz\/index.php?rest_route=%2Fwp%2Fv2%2Fcomments&post=68"}],"version-history":[{"count":6,"href":"https:\/\/www.hbpm.cz\/index.php?rest_route=\/wp\/v2\/pages\/68\/revisions"}],"predecessor-version":[{"id":199,"href":"https:\/\/www.hbpm.cz\/index.php?rest_route=\/wp\/v2\/pages\/68\/revisions\/199"}],"wp:attachment":[{"href":"https:\/\/www.hbpm.cz\/index.php?rest_route=%2Fwp%2Fv2%2Fmedia&parent=68"}],"curies":[{"name":"wp","href":"https:\/\/api.w.org\/{rel}","templated":true}]}}